{"id":2,"date":"2024-12-09T08:55:01","date_gmt":"2024-12-09T08:55:01","guid":{"rendered":"https:\/\/montajesjamendi.rkinformatika.online\/?page_id=2"},"modified":"2025-02-20T17:13:46","modified_gmt":"2025-02-20T17:13:46","slug":"inicio","status":"publish","type":"page","link":"https:\/\/urigor.com\/eu\/","title":{"rendered":"Hasiera"},"content":{"rendered":"\t\t<div data-elementor-type=\"wp-page\" data-elementor-id=\"2\" class=\"elementor elementor-2\" data-elementor-post-type=\"page\">\n\t\t\t\t<div class=\"elementor-element elementor-element-493b0a8 e-flex e-con-boxed e-con e-parent\" data-id=\"493b0a8\" data-element_type=\"container\" data-e-type=\"container\" data-settings=\"{&quot;background_background&quot;:&quot;slideshow&quot;,&quot;background_slideshow_gallery&quot;:[{&quot;id&quot;:595,&quot;url&quot;:&quot;https:\\\/\\\/urigor.com\\\/wp-content\\\/uploads\\\/2025\\\/02\\\/homeuserEscritoriourigor-logo-urego.jpeg.png&quot;},{&quot;id&quot;:596,&quot;url&quot;:&quot;https:\\\/\\\/urigor.com\\\/wp-content\\\/uploads\\\/2025\\\/02\\\/urigor.png&quot;}],&quot;background_slideshow_loop&quot;:&quot;yes&quot;,&quot;background_slideshow_slide_duration&quot;:5000,&quot;background_slideshow_slide_transition&quot;:&quot;fade&quot;,&quot;background_slideshow_transition_duration&quot;:500}\">\n\t\t\t\t\t<div class=\"e-con-inner\">\n\t\t\t\t<div class=\"elementor-element elementor-element-8a1daf1 elementor-widget elementor-widget-heading\" data-id=\"8a1daf1\" data-element_type=\"widget\" data-e-type=\"widget\" data-widget_type=\"heading.default\">\n\t\t\t\t<div class=\"elementor-widget-container\">\n\t\t\t\t\t<h2 class=\"elementor-heading-title elementor-size-default\">Sierra y Afilados<\/h2>\t\t\t\t<\/div>\n\t\t\t\t<\/div>\n\t\t\t\t<div class=\"elementor-element elementor-element-9a99679 elementor-widget elementor-widget-heading\" data-id=\"9a99679\" data-element_type=\"widget\" data-e-type=\"widget\" data-widget_type=\"heading.default\">\n\t\t\t\t<div class=\"elementor-widget-container\">\n\t\t\t\t\t<h2 class=\"elementor-heading-title elementor-size-default\">Tu aliado  industrial y profesional.<\/h2>\t\t\t\t<\/div>\n\t\t\t\t<\/div>\n\t\t\t\t\t<\/div>\n\t\t\t\t<\/div>\n\t\t<div class=\"elementor-element elementor-element-b2d7168 e-flex e-con-boxed e-con e-parent\" data-id=\"b2d7168\" data-element_type=\"container\" data-e-type=\"container\">\n\t\t\t\t\t<div class=\"e-con-inner\">\n\t\t<div class=\"elementor-element elementor-element-d80526e e-con-full e-flex e-con e-child\" data-id=\"d80526e\" data-element_type=\"container\" data-e-type=\"container\" data-settings=\"{&quot;background_background&quot;:&quot;classic&quot;}\">\n\t\t\t\t<div class=\"elementor-element elementor-element-4f3522e elementor-widget__width-initial elementor-widget elementor-widget-image\" data-id=\"4f3522e\" data-element_type=\"widget\" data-e-type=\"widget\" data-widget_type=\"image.default\">\n\t\t\t\t<div class=\"elementor-widget-container\">\n\t\t\t\t\t\t\t\t\t\t\t\t\t\t\t<img fetchpriority=\"high\" decoding=\"async\" width=\"500\" height=\"350\" src=\"https:\/\/urigor.com\/wp-content\/uploads\/2025\/02\/urigor.jpg\" class=\"attachment-full size-full wp-image-598\" alt=\"\" srcset=\"https:\/\/urigor.com\/wp-content\/uploads\/2025\/02\/urigor.jpg 500w, https:\/\/urigor.com\/wp-content\/uploads\/2025\/02\/urigor-300x210.jpg 300w, https:\/\/urigor.com\/wp-content\/uploads\/2025\/02\/urigor-18x12.jpg 18w\" sizes=\"(max-width: 500px) 100vw, 500px\" \/>\t\t\t\t\t\t\t\t\t\t\t\t\t\t\t<\/div>\n\t\t\t\t<\/div>\n\t\t\t\t<\/div>\n\t\t<div class=\"elementor-element elementor-element-48553a4 e-con-full e-flex e-con e-child\" data-id=\"48553a4\" data-element_type=\"container\" data-e-type=\"container\">\n\t\t\t\t<div class=\"elementor-element elementor-element-75bc020 elementor-widget elementor-widget-heading\" data-id=\"75bc020\" data-element_type=\"widget\" data-e-type=\"widget\" data-widget_type=\"heading.default\">\n\t\t\t\t<div class=\"elementor-widget-container\">\n\t\t\t\t\t<h2 class=\"elementor-heading-title elementor-size-default\">\u00bfQui\u00e9nes somos?<\/h2>\t\t\t\t<\/div>\n\t\t\t\t<\/div>\n\t\t\t\t<div class=\"elementor-element elementor-element-cce5c1d elementor-widget elementor-widget-text-editor\" data-id=\"cce5c1d\" data-element_type=\"widget\" data-e-type=\"widget\" data-widget_type=\"text-editor.default\">\n\t\t\t\t<div class=\"elementor-widget-container\">\n\t\t\t\t\t\t\t\t\t<p>En <strong data-start=\"26\" data-end=\"55\">Sierras y Afilados Urigor<\/strong> somos una empresa familiar de segunda generaci\u00f3n con una s\u00f3lida trayectoria en el sector. Con a\u00f1os de experiencia, hemos perfeccionado nuestro oficio para garantizar un servicio de afilado preciso y productos de la m\u00e1s alta calidad.<\/p><p>Somos una Empresa con m\u00e1s de 40 a\u00f1os de trayectoria, con una amplia plantilla de trabajadores y un sitio ubicado en Gernika. D\u00e1ndonos el espacio para la dedicaci\u00f3n\u00a0 detallada de los pedidos realizados por nuestros clientes.<\/p>\t\t\t\t\t\t\t\t<\/div>\n\t\t\t\t<\/div>\n\t\t\t\t<\/div>\n\t\t\t\t\t<\/div>\n\t\t\t\t<\/div>\n\t\t<div class=\"elementor-element elementor-element-9e006a3 e-flex e-con-boxed e-con e-parent\" data-id=\"9e006a3\" data-element_type=\"container\" data-e-type=\"container\" data-settings=\"{&quot;background_background&quot;:&quot;classic&quot;}\">\n\t\t\t\t\t<div class=\"e-con-inner\">\n\t\t\t\t<div class=\"elementor-element elementor-element-bdf5f76 elementor-widget elementor-widget-heading\" data-id=\"bdf5f76\" data-element_type=\"widget\" data-e-type=\"widget\" data-widget_type=\"heading.default\">\n\t\t\t\t<div class=\"elementor-widget-container\">\n\t\t\t\t\t<h2 class=\"elementor-heading-title elementor-size-default\">Profesionalismo y Tecnolog\u00eda <\/h2>\t\t\t\t<\/div>\n\t\t\t\t<\/div>\n\t\t\t\t\t<\/div>\n\t\t\t\t<\/div>\n\t\t\t\t<section class=\"elementor-section elementor-top-section elementor-element elementor-element-74cd5d59 elementor-section-boxed elementor-section-height-default elementor-section-height-default\" data-id=\"74cd5d59\" data-element_type=\"section\" data-e-type=\"section\" data-settings=\"{&quot;background_background&quot;:&quot;classic&quot;}\">\n\t\t\t\t\t\t<div class=\"elementor-container elementor-column-gap-default\">\n\t\t\t\t\t<div class=\"elementor-column elementor-col-33 elementor-top-column elementor-element elementor-element-6dc4e63d\" data-id=\"6dc4e63d\" data-element_type=\"column\" data-e-type=\"column\" data-settings=\"{&quot;background_background&quot;:&quot;classic&quot;}\">\n\t\t\t<div class=\"elementor-widget-wrap elementor-element-populated\">\n\t\t\t\t\t\t<div class=\"elementor-element elementor-element-5323790b elementor-widget elementor-widget-heading\" data-id=\"5323790b\" data-element_type=\"widget\" data-e-type=\"widget\" data-widget_type=\"heading.default\">\n\t\t\t\t<div class=\"elementor-widget-container\">\n\t\t\t\t\t<h6 class=\"elementor-heading-title elementor-size-default\">Nos especializamos<\/h6>\t\t\t\t<\/div>\n\t\t\t\t<\/div>\n\t\t\t\t<div class=\"elementor-element elementor-element-48389d7d elementor-icon-list--layout-traditional elementor-list-item-link-full_width elementor-widget elementor-widget-icon-list\" data-id=\"48389d7d\" data-element_type=\"widget\" data-e-type=\"widget\" data-widget_type=\"icon-list.default\">\n\t\t\t\t<div class=\"elementor-widget-container\">\n\t\t\t\t\t\t\t<ul class=\"elementor-icon-list-items\">\n\t\t\t\t\t\t\t<li class=\"elementor-icon-list-item\">\n\t\t\t\t\t\t\t\t\t\t\t<span class=\"elementor-icon-list-icon\">\n\t\t\t\t\t\t\t<svg aria-hidden=\"true\" class=\"e-font-icon-svg e-fas-check\" viewBox=\"0 0 512 512\" xmlns=\"http:\/\/www.w3.org\/2000\/svg\"><path d=\"M173.898 439.404l-166.4-166.4c-9.997-9.997-9.997-26.206 0-36.204l36.203-36.204c9.997-9.998 26.207-9.998 36.204 0L192 312.69 432.095 72.596c9.997-9.997 26.207-9.997 36.204 0l36.203 36.204c9.997 9.997 9.997 26.206 0 36.204l-294.4 294.401c-9.998 9.997-26.207 9.997-36.204-.001z\"><\/path><\/svg>\t\t\t\t\t\t<\/span>\n\t\t\t\t\t\t\t\t\t\t<span class=\"elementor-icon-list-text\">AFILADO<\/span>\n\t\t\t\t\t\t\t\t\t<\/li>\n\t\t\t\t\t\t\t\t<li class=\"elementor-icon-list-item\">\n\t\t\t\t\t\t\t\t\t\t\t<span class=\"elementor-icon-list-icon\">\n\t\t\t\t\t\t\t<svg aria-hidden=\"true\" class=\"e-font-icon-svg e-fas-check\" viewBox=\"0 0 512 512\" xmlns=\"http:\/\/www.w3.org\/2000\/svg\"><path d=\"M173.898 439.404l-166.4-166.4c-9.997-9.997-9.997-26.206 0-36.204l36.203-36.204c9.997-9.998 26.207-9.998 36.204 0L192 312.69 432.095 72.596c9.997-9.997 26.207-9.997 36.204 0l36.203 36.204c9.997 9.997 9.997 26.206 0 36.204l-294.4 294.401c-9.998 9.997-26.207 9.997-36.204-.001z\"><\/path><\/svg>\t\t\t\t\t\t<\/span>\n\t\t\t\t\t\t\t\t\t\t<span class=\"elementor-icon-list-text\">REPARACI\u00d3N<\/span>\n\t\t\t\t\t\t\t\t\t<\/li>\n\t\t\t\t\t\t\t\t<li class=\"elementor-icon-list-item\">\n\t\t\t\t\t\t\t\t\t\t\t<span class=\"elementor-icon-list-icon\">\n\t\t\t\t\t\t\t<svg aria-hidden=\"true\" class=\"e-font-icon-svg e-fas-check\" viewBox=\"0 0 512 512\" xmlns=\"http:\/\/www.w3.org\/2000\/svg\"><path d=\"M173.898 439.404l-166.4-166.4c-9.997-9.997-9.997-26.206 0-36.204l36.203-36.204c9.997-9.998 26.207-9.998 36.204 0L192 312.69 432.095 72.596c9.997-9.997 26.207-9.997 36.204 0l36.203 36.204c9.997 9.997 9.997 26.206 0 36.204l-294.4 294.401c-9.998 9.997-26.207 9.997-36.204-.001z\"><\/path><\/svg>\t\t\t\t\t\t<\/span>\n\t\t\t\t\t\t\t\t\t\t<span class=\"elementor-icon-list-text\">MANTENIMIENTO<\/span>\n\t\t\t\t\t\t\t\t\t<\/li>\n\t\t\t\t\t\t\t\t<li class=\"elementor-icon-list-item\">\n\t\t\t\t\t\t\t\t\t\t\t<span class=\"elementor-icon-list-icon\">\n\t\t\t\t\t\t\t<svg aria-hidden=\"true\" class=\"e-font-icon-svg e-fas-check\" viewBox=\"0 0 512 512\" xmlns=\"http:\/\/www.w3.org\/2000\/svg\"><path d=\"M173.898 439.404l-166.4-166.4c-9.997-9.997-9.997-26.206 0-36.204l36.203-36.204c9.997-9.998 26.207-9.998 36.204 0L192 312.69 432.095 72.596c9.997-9.997 26.207-9.997 36.204 0l36.203 36.204c9.997 9.997 9.997 26.206 0 36.204l-294.4 294.401c-9.998 9.997-26.207 9.997-36.204-.001z\"><\/path><\/svg>\t\t\t\t\t\t<\/span>\n\t\t\t\t\t\t\t\t\t\t<span class=\"elementor-icon-list-text\">FABRICACI\u00d3N<\/span>\n\t\t\t\t\t\t\t\t\t<\/li>\n\t\t\t\t\t\t\t\t<li class=\"elementor-icon-list-item\">\n\t\t\t\t\t\t\t\t\t\t\t<span class=\"elementor-icon-list-icon\">\n\t\t\t\t\t\t\t<svg aria-hidden=\"true\" class=\"e-font-icon-svg e-fas-check\" viewBox=\"0 0 512 512\" xmlns=\"http:\/\/www.w3.org\/2000\/svg\"><path d=\"M173.898 439.404l-166.4-166.4c-9.997-9.997-9.997-26.206 0-36.204l36.203-36.204c9.997-9.998 26.207-9.998 36.204 0L192 312.69 432.095 72.596c9.997-9.997 26.207-9.997 36.204 0l36.203 36.204c9.997 9.997 9.997 26.206 0 36.204l-294.4 294.401c-9.998 9.997-26.207 9.997-36.204-.001z\"><\/path><\/svg>\t\t\t\t\t\t<\/span>\n\t\t\t\t\t\t\t\t\t\t<span class=\"elementor-icon-list-text\">DISTRIBUCI\u00d3N<\/span>\n\t\t\t\t\t\t\t\t\t<\/li>\n\t\t\t\t\t\t\t\t<li class=\"elementor-icon-list-item\">\n\t\t\t\t\t\t\t\t\t\t\t<span class=\"elementor-icon-list-icon\">\n\t\t\t\t\t\t\t<svg aria-hidden=\"true\" class=\"e-font-icon-svg e-fas-check\" viewBox=\"0 0 512 512\" xmlns=\"http:\/\/www.w3.org\/2000\/svg\"><path d=\"M173.898 439.404l-166.4-166.4c-9.997-9.997-9.997-26.206 0-36.204l36.203-36.204c9.997-9.998 26.207-9.998 36.204 0L192 312.69 432.095 72.596c9.997-9.997 26.207-9.997 36.204 0l36.203 36.204c9.997 9.997 9.997 26.206 0 36.204l-294.4 294.401c-9.998 9.997-26.207 9.997-36.204-.001z\"><\/path><\/svg>\t\t\t\t\t\t<\/span>\n\t\t\t\t\t\t\t\t\t\t<span class=\"elementor-icon-list-text\">HERRAMIENTAS INDUSTRIALES DE ALTA  PRECISI\u00d3N <\/span>\n\t\t\t\t\t\t\t\t\t<\/li>\n\t\t\t\t\t\t<\/ul>\n\t\t\t\t\t\t<\/div>\n\t\t\t\t<\/div>\n\t\t\t\t\t<\/div>\n\t\t<\/div>\n\t\t\t\t<div class=\"elementor-column elementor-col-33 elementor-top-column elementor-element elementor-element-4795db49\" data-id=\"4795db49\" data-element_type=\"column\" data-e-type=\"column\" data-settings=\"{&quot;background_background&quot;:&quot;classic&quot;}\">\n\t\t\t<div class=\"elementor-widget-wrap elementor-element-populated\">\n\t\t\t\t\t\t<div class=\"elementor-element elementor-element-4ee847e2 elementor-widget elementor-widget-heading\" data-id=\"4ee847e2\" data-element_type=\"widget\" data-e-type=\"widget\" data-widget_type=\"heading.default\">\n\t\t\t\t<div class=\"elementor-widget-container\">\n\t\t\t\t\t<h1 class=\"elementor-heading-title elementor-size-default\">OTROS SERVICIOS<\/h1>\t\t\t\t<\/div>\n\t\t\t\t<\/div>\n\t\t\t\t<div class=\"elementor-element elementor-element-197d1a1 elementor-widget elementor-widget-text-editor\" data-id=\"197d1a1\" data-element_type=\"widget\" data-e-type=\"widget\" data-widget_type=\"text-editor.default\">\n\t\t\t\t<div class=\"elementor-widget-container\">\n\t\t\t\t\t\t\t\t\t<p>Adem\u00e1s, dise\u00f1amos, fabricamos y distribuimos una amplia gama de piezas de utillaje, troqueles, rebabadores y herramientas de mecanizado, garantizando soluciones de calidad tanto para el comercio al por mayor como al por menor. Tambi\u00e9n proporcionamos accesorios y repuestos para maquinaria industrial, asegurando el m\u00e1ximo rendimiento y durabilidad en cada producto.<\/p>\t\t\t\t\t\t\t\t<\/div>\n\t\t\t\t<\/div>\n\t\t\t\t\t<\/div>\n\t\t<\/div>\n\t\t\t\t<div class=\"elementor-column elementor-col-33 elementor-top-column elementor-element elementor-element-79fef949\" data-id=\"79fef949\" data-element_type=\"column\" data-e-type=\"column\" data-settings=\"{&quot;background_background&quot;:&quot;classic&quot;}\">\n\t\t\t<div class=\"elementor-widget-wrap elementor-element-populated\">\n\t\t\t\t\t\t<div class=\"elementor-element elementor-element-64cd7ff2 elementor-widget elementor-widget-heading\" data-id=\"64cd7ff2\" data-element_type=\"widget\" data-e-type=\"widget\" data-widget_type=\"heading.default\">\n\t\t\t\t<div class=\"elementor-widget-container\">\n\t\t\t\t\t<h6 class=\"elementor-heading-title elementor-size-default\">\u00bfC\u00d3MO LO LOGRAMOS?<\/h6>\t\t\t\t<\/div>\n\t\t\t\t<\/div>\n\t\t\t\t<div class=\"elementor-element elementor-element-122e79f elementor-widget elementor-widget-text-editor\" data-id=\"122e79f\" data-element_type=\"widget\" data-e-type=\"widget\" data-widget_type=\"text-editor.default\">\n\t\t\t\t<div class=\"elementor-widget-container\">\n\t\t\t\t\t\t\t\t\t<p data-start=\"330\" data-end=\"682\" data-is-last-node=\"\">Nos adaptamos a las necesidades de cada cliente y sector, proporcionando soluciones personalizadas que optimizan la eficiencia y prolongan la vida \u00fatil de las herramientas de corte. Nuestro objetivo es asegurar que cada producto cumpla con los m\u00e1s altos est\u00e1ndares de precisi\u00f3n y seguridad, permitiendo a nuestros clientes trabajar con total confianza.<\/p>\t\t\t\t\t\t\t\t<\/div>\n\t\t\t\t<\/div>\n\t\t\t\t\t<\/div>\n\t\t<\/div>\n\t\t\t\t\t<\/div>\n\t\t<\/section>\n\t\t\t\t<section class=\"elementor-section elementor-top-section elementor-element elementor-element-54880403 elementor-section-full_width elementor-section-height-default elementor-section-height-default\" data-id=\"54880403\" data-element_type=\"section\" data-e-type=\"section\" data-settings=\"{&quot;background_background&quot;:&quot;classic&quot;}\">\n\t\t\t\t\t\t\t<div class=\"elementor-background-overlay\"><\/div>\n\t\t\t\t\t\t\t<div class=\"elementor-container elementor-column-gap-default\">\n\t\t\t\t\t<div class=\"elementor-column elementor-col-100 elementor-top-column elementor-element elementor-element-45917820\" data-id=\"45917820\" data-element_type=\"column\" data-e-type=\"column\" data-settings=\"{&quot;background_background&quot;:&quot;classic&quot;}\">\n\t\t\t<div class=\"elementor-widget-wrap elementor-element-populated\">\n\t\t\t\t\t<div class=\"elementor-background-overlay\"><\/div>\n\t\t\t\t\t\t<div class=\"elementor-element elementor-element-268bba5b elementor-widget-mobile__width-initial elementor-invisible elementor-widget elementor-widget-heading\" data-id=\"268bba5b\" data-element_type=\"widget\" data-e-type=\"widget\" data-settings=\"{&quot;_animation&quot;:&quot;slideInRight&quot;}\" data-widget_type=\"heading.default\">\n\t\t\t\t<div class=\"elementor-widget-container\">\n\t\t\t\t\t<h2 class=\"elementor-heading-title elementor-size-default\">\u00bfQU\u00c9 ESPERAS?<\/h2>\t\t\t\t<\/div>\n\t\t\t\t<\/div>\n\t\t\t\t<div class=\"elementor-element elementor-element-ad2cd47 elementor-widget elementor-widget-button\" data-id=\"ad2cd47\" data-element_type=\"widget\" data-e-type=\"widget\" data-widget_type=\"button.default\">\n\t\t\t\t<div class=\"elementor-widget-container\">\n\t\t\t\t\t\t\t\t\t<div class=\"elementor-button-wrapper\">\n\t\t\t\t\t<a class=\"elementor-button elementor-button-link elementor-size-sm\" href=\"https:\/\/urigor.com\/contacto\/\">\n\t\t\t\t\t\t<span class=\"elementor-button-content-wrapper\">\n\t\t\t\t\t\t\t\t\t<span class=\"elementor-button-text\">CONTACTANOS<\/span>\n\t\t\t\t\t<\/span>\n\t\t\t\t\t<\/a>\n\t\t\t\t<\/div>\n\t\t\t\t\t\t\t\t<\/div>\n\t\t\t\t<\/div>\n\t\t\t\t\t<\/div>\n\t\t<\/div>\n\t\t\t\t\t<\/div>\n\t\t<\/section>\n\t\t\t\t<\/div>\n\t\t","protected":false},"excerpt":{"rendered":"<p>Sierra y Afilados Tu aliado industrial y profesional. \u00bfQui\u00e9nes somos? En Sierras y Afilados Urigor somos una empresa familiar de segunda generaci\u00f3n con una s\u00f3lida trayectoria en el sector. Con a\u00f1os de experiencia, hemos perfeccionado nuestro oficio para garantizar un servicio de afilado preciso y productos de la m\u00e1s alta calidad. Somos una Empresa con [&hellip;]<\/p>\n","protected":false},"author":2,"featured_media":0,"parent":0,"menu_order":0,"comment_status":"closed","ping_status":"closed","template":"elementor_canvas","meta":{"footnotes":""},"class_list":["post-2","page","type-page","status-publish","hentry"],"yoast_head":"<!-- This site is optimized with the Yoast SEO plugin v27.3 - https:\/\/yoast.com\/product\/yoast-seo-wordpress\/ -->\n<title>Inicio - Sierras y Afilados Urigor<\/title>\n<meta name=\"robots\" content=\"index, follow, max-snippet:-1, max-image-preview:large, max-video-preview:-1\" \/>\n<link rel=\"canonical\" href=\"https:\/\/urigor.com\/eu\/\" \/>\n<meta property=\"og:locale\" content=\"en_US\" \/>\n<meta property=\"og:type\" content=\"article\" \/>\n<meta property=\"og:title\" content=\"Inicio - Sierras y Afilados Urigor\" \/>\n<meta property=\"og:description\" content=\"Sierra y Afilados Tu aliado industrial y profesional. \u00bfQui\u00e9nes somos? En Sierras y Afilados Urigor somos una empresa familiar de segunda generaci\u00f3n con una s\u00f3lida trayectoria en el sector. Con a\u00f1os de experiencia, hemos perfeccionado nuestro oficio para garantizar un servicio de afilado preciso y productos de la m\u00e1s alta calidad. Somos una Empresa con [&hellip;]\" \/>\n<meta property=\"og:url\" content=\"https:\/\/urigor.com\/eu\/\" \/>\n<meta property=\"og:site_name\" content=\"Sierras y Afilados Urigor\" \/>\n<meta property=\"article:modified_time\" content=\"2025-02-20T17:13:46+00:00\" \/>\n<meta property=\"og:image\" content=\"https:\/\/urigor.com\/wp-content\/uploads\/2025\/02\/urigor.jpg\" \/>\n\t<meta property=\"og:image:width\" content=\"500\" \/>\n\t<meta property=\"og:image:height\" content=\"350\" \/>\n\t<meta property=\"og:image:type\" content=\"image\/jpeg\" \/>\n<meta name=\"twitter:card\" content=\"summary_large_image\" \/>\n<meta name=\"twitter:label1\" content=\"Est. reading time\" \/>\n\t<meta name=\"twitter:data1\" content=\"2 minutua\" \/>\n<script type=\"application\/ld+json\" class=\"yoast-schema-graph\">{\"@context\":\"https:\\\/\\\/schema.org\",\"@graph\":[{\"@type\":\"WebPage\",\"@id\":\"https:\\\/\\\/urigor.com\\\/\",\"url\":\"https:\\\/\\\/urigor.com\\\/\",\"name\":\"Inicio - Sierras y Afilados Urigor\",\"isPartOf\":{\"@id\":\"https:\\\/\\\/urigor.com\\\/#website\"},\"primaryImageOfPage\":{\"@id\":\"https:\\\/\\\/urigor.com\\\/#primaryimage\"},\"image\":{\"@id\":\"https:\\\/\\\/urigor.com\\\/#primaryimage\"},\"thumbnailUrl\":\"https:\\\/\\\/urigor.com\\\/wp-content\\\/uploads\\\/2025\\\/02\\\/urigor.jpg\",\"datePublished\":\"2024-12-09T08:55:01+00:00\",\"dateModified\":\"2025-02-20T17:13:46+00:00\",\"breadcrumb\":{\"@id\":\"https:\\\/\\\/urigor.com\\\/#breadcrumb\"},\"inLanguage\":\"eu\",\"potentialAction\":[{\"@type\":\"ReadAction\",\"target\":[\"https:\\\/\\\/urigor.com\\\/\"]}]},{\"@type\":\"ImageObject\",\"inLanguage\":\"eu\",\"@id\":\"https:\\\/\\\/urigor.com\\\/#primaryimage\",\"url\":\"https:\\\/\\\/urigor.com\\\/wp-content\\\/uploads\\\/2025\\\/02\\\/urigor.jpg\",\"contentUrl\":\"https:\\\/\\\/urigor.com\\\/wp-content\\\/uploads\\\/2025\\\/02\\\/urigor.jpg\"},{\"@type\":\"BreadcrumbList\",\"@id\":\"https:\\\/\\\/urigor.com\\\/#breadcrumb\",\"itemListElement\":[{\"@type\":\"ListItem\",\"position\":1,\"name\":\"Portada\",\"item\":\"https:\\\/\\\/urigor.com\\\/\"},{\"@type\":\"ListItem\",\"position\":2,\"name\":\"Inicio\"}]},{\"@type\":\"WebSite\",\"@id\":\"https:\\\/\\\/urigor.com\\\/#website\",\"url\":\"https:\\\/\\\/urigor.com\\\/\",\"name\":\"Sierras y Afilados Urigor\",\"description\":\"Expertos en sierras y afilados de alta precisi\u00f3n.\",\"publisher\":{\"@id\":\"https:\\\/\\\/urigor.com\\\/#organization\"},\"potentialAction\":[{\"@type\":\"SearchAction\",\"target\":{\"@type\":\"EntryPoint\",\"urlTemplate\":\"https:\\\/\\\/urigor.com\\\/?s={search_term_string}\"},\"query-input\":{\"@type\":\"PropertyValueSpecification\",\"valueRequired\":true,\"valueName\":\"search_term_string\"}}],\"inLanguage\":\"eu\"},{\"@type\":\"Organization\",\"@id\":\"https:\\\/\\\/urigor.com\\\/#organization\",\"name\":\"Sierras y Afilados Urigor\",\"url\":\"https:\\\/\\\/urigor.com\\\/\",\"logo\":{\"@type\":\"ImageObject\",\"inLanguage\":\"eu\",\"@id\":\"https:\\\/\\\/urigor.com\\\/#\\\/schema\\\/logo\\\/image\\\/\",\"url\":\"https:\\\/\\\/urigor.com\\\/wp-content\\\/uploads\\\/2024\\\/12\\\/cropped-LOGOURIGOR1.png\",\"contentUrl\":\"https:\\\/\\\/urigor.com\\\/wp-content\\\/uploads\\\/2024\\\/12\\\/cropped-LOGOURIGOR1.png\",\"width\":1362,\"height\":1080,\"caption\":\"Sierras y Afilados Urigor\"},\"image\":{\"@id\":\"https:\\\/\\\/urigor.com\\\/#\\\/schema\\\/logo\\\/image\\\/\"}}]}<\/script>\n<!-- \/ Yoast SEO plugin. -->","yoast_head_json":{"title":"Inicio - Sierras y Afilados Urigor","robots":{"index":"index","follow":"follow","max-snippet":"max-snippet:-1","max-image-preview":"max-image-preview:large","max-video-preview":"max-video-preview:-1"},"canonical":"https:\/\/urigor.com\/eu\/","og_locale":"en_US","og_type":"article","og_title":"Inicio - Sierras y Afilados Urigor","og_description":"Sierra y Afilados Tu aliado industrial y profesional. \u00bfQui\u00e9nes somos? En Sierras y Afilados Urigor somos una empresa familiar de segunda generaci\u00f3n con una s\u00f3lida trayectoria en el sector. Con a\u00f1os de experiencia, hemos perfeccionado nuestro oficio para garantizar un servicio de afilado preciso y productos de la m\u00e1s alta calidad. Somos una Empresa con [&hellip;]","og_url":"https:\/\/urigor.com\/eu\/","og_site_name":"Sierras y Afilados Urigor","article_modified_time":"2025-02-20T17:13:46+00:00","og_image":[{"width":500,"height":350,"url":"https:\/\/urigor.com\/wp-content\/uploads\/2025\/02\/urigor.jpg","type":"image\/jpeg"}],"twitter_card":"summary_large_image","twitter_misc":{"Est. reading time":"2 minutua"},"schema":{"@context":"https:\/\/schema.org","@graph":[{"@type":"WebPage","@id":"https:\/\/urigor.com\/","url":"https:\/\/urigor.com\/","name":"Inicio - Sierras y Afilados Urigor","isPartOf":{"@id":"https:\/\/urigor.com\/#website"},"primaryImageOfPage":{"@id":"https:\/\/urigor.com\/#primaryimage"},"image":{"@id":"https:\/\/urigor.com\/#primaryimage"},"thumbnailUrl":"https:\/\/urigor.com\/wp-content\/uploads\/2025\/02\/urigor.jpg","datePublished":"2024-12-09T08:55:01+00:00","dateModified":"2025-02-20T17:13:46+00:00","breadcrumb":{"@id":"https:\/\/urigor.com\/#breadcrumb"},"inLanguage":"eu","potentialAction":[{"@type":"ReadAction","target":["https:\/\/urigor.com\/"]}]},{"@type":"ImageObject","inLanguage":"eu","@id":"https:\/\/urigor.com\/#primaryimage","url":"https:\/\/urigor.com\/wp-content\/uploads\/2025\/02\/urigor.jpg","contentUrl":"https:\/\/urigor.com\/wp-content\/uploads\/2025\/02\/urigor.jpg"},{"@type":"BreadcrumbList","@id":"https:\/\/urigor.com\/#breadcrumb","itemListElement":[{"@type":"ListItem","position":1,"name":"Portada","item":"https:\/\/urigor.com\/"},{"@type":"ListItem","position":2,"name":"Inicio"}]},{"@type":"WebSite","@id":"https:\/\/urigor.com\/#website","url":"https:\/\/urigor.com\/","name":"Sierras y Afilados Urigor","description":"Expertos en sierras y afilados de alta precisi\u00f3n.","publisher":{"@id":"https:\/\/urigor.com\/#organization"},"potentialAction":[{"@type":"SearchAction","target":{"@type":"EntryPoint","urlTemplate":"https:\/\/urigor.com\/?s={search_term_string}"},"query-input":{"@type":"PropertyValueSpecification","valueRequired":true,"valueName":"search_term_string"}}],"inLanguage":"eu"},{"@type":"Organization","@id":"https:\/\/urigor.com\/#organization","name":"Sierras y Afilados Urigor","url":"https:\/\/urigor.com\/","logo":{"@type":"ImageObject","inLanguage":"eu","@id":"https:\/\/urigor.com\/#\/schema\/logo\/image\/","url":"https:\/\/urigor.com\/wp-content\/uploads\/2024\/12\/cropped-LOGOURIGOR1.png","contentUrl":"https:\/\/urigor.com\/wp-content\/uploads\/2024\/12\/cropped-LOGOURIGOR1.png","width":1362,"height":1080,"caption":"Sierras y Afilados Urigor"},"image":{"@id":"https:\/\/urigor.com\/#\/schema\/logo\/image\/"}}]}},"_links":{"self":[{"href":"https:\/\/urigor.com\/eu\/wp-json\/wp\/v2\/pages\/2","targetHints":{"allow":["GET"]}}],"collection":[{"href":"https:\/\/urigor.com\/eu\/wp-json\/wp\/v2\/pages"}],"about":[{"href":"https:\/\/urigor.com\/eu\/wp-json\/wp\/v2\/types\/page"}],"author":[{"embeddable":true,"href":"https:\/\/urigor.com\/eu\/wp-json\/wp\/v2\/users\/2"}],"replies":[{"embeddable":true,"href":"https:\/\/urigor.com\/eu\/wp-json\/wp\/v2\/comments?post=2"}],"version-history":[{"count":70,"href":"https:\/\/urigor.com\/eu\/wp-json\/wp\/v2\/pages\/2\/revisions"}],"predecessor-version":[{"id":704,"href":"https:\/\/urigor.com\/eu\/wp-json\/wp\/v2\/pages\/2\/revisions\/704"}],"wp:attachment":[{"href":"https:\/\/urigor.com\/eu\/wp-json\/wp\/v2\/media?parent=2"}],"curies":[{"name":"wp","href":"https:\/\/api.w.org\/{rel}","templated":true}]}}