{"id":12,"date":"2024-12-09T09:11:44","date_gmt":"2024-12-09T09:11:44","guid":{"rendered":"https:\/\/montajesjamendi.rkinformatika.online\/?page_id=12"},"modified":"2025-02-20T10:59:10","modified_gmt":"2025-02-20T10:59:10","slug":"servicios","status":"publish","type":"page","link":"https:\/\/urigor.com\/eu\/servicios\/","title":{"rendered":"Zerbitzuak"},"content":{"rendered":"<div data-elementor-type=\"wp-page\" data-elementor-id=\"12\" class=\"elementor elementor-12\" data-elementor-post-type=\"page\">\n\t\t\t\t\t\t<section class=\"elementor-section elementor-top-section elementor-element elementor-element-42444b68 elementor-section-full_width elementor-section-height-default elementor-section-height-default\" data-id=\"42444b68\" data-element_type=\"section\" data-e-type=\"section\" data-settings=\"{&quot;background_background&quot;:&quot;classic&quot;}\">\n\t\t\t\t\t\t\t<div class=\"elementor-background-overlay\"><\/div>\n\t\t\t\t\t\t\t<div class=\"elementor-container elementor-column-gap-default\">\n\t\t\t\t\t<div class=\"elementor-column elementor-col-100 elementor-top-column elementor-element elementor-element-4fa20d7\" data-id=\"4fa20d7\" data-element_type=\"column\" data-e-type=\"column\">\n\t\t\t<div class=\"elementor-widget-wrap elementor-element-populated\">\n\t\t\t\t\t\t<div class=\"elementor-element elementor-element-26bebee elementor-widget elementor-widget-heading\" data-id=\"26bebee\" data-element_type=\"widget\" data-e-type=\"widget\" data-widget_type=\"heading.default\">\n\t\t\t\t<div class=\"elementor-widget-container\">\n\t\t\t\t\t<h2 class=\"elementor-heading-title elementor-size-default\">\u00bfC\u00f3mo Podemos Ayudarte?<\/h2>\t\t\t\t<\/div>\n\t\t\t\t<\/div>\n\t\t\t\t\t<\/div>\n\t\t<\/div>\n\t\t\t\t\t<\/div>\n\t\t<\/section>\n\t\t<div class=\"elementor-element elementor-element-121a392 e-flex e-con-boxed e-con e-parent\" data-id=\"121a392\" data-element_type=\"container\" data-e-type=\"container\" data-settings=\"{&quot;background_background&quot;:&quot;classic&quot;}\">\n\t\t\t\t\t<div class=\"e-con-inner\">\n\t\t\t\t<div class=\"elementor-element elementor-element-d6c46fe elementor-widget elementor-widget-heading\" data-id=\"d6c46fe\" data-element_type=\"widget\" data-e-type=\"widget\" data-widget_type=\"heading.default\">\n\t\t\t\t<div class=\"elementor-widget-container\">\n\t\t\t\t\t<h2 class=\"elementor-heading-title elementor-size-default\">Venta de herramientas de corte Afilado profesional<\/h2>\t\t\t\t<\/div>\n\t\t\t\t<\/div>\n\t\t\t\t<div class=\"elementor-element elementor-element-2c14da9 elementor-widget elementor-widget-text-editor\" data-id=\"2c14da9\" data-element_type=\"widget\" data-e-type=\"widget\" data-widget_type=\"text-editor.default\">\n\t\t\t\t<div class=\"elementor-widget-container\">\n\t\t\t\t\t\t\t\t\t<p>Ofrecemos una amplia gama de <strong data-start=\"71\" data-end=\"128\">herramientas de corte de alta precisi\u00f3n y durabilidad<\/strong>, dise\u00f1adas para satisfacer las necesidades de distintos sectores industriales. Fabricados\u00a0con materiales de primera calidad, garantizando un rendimiento \u00f3ptimo y cortes precisos en madera, metal, pl\u00e1stico y otros materiales.<\/p>\t\t\t\t\t\t\t\t<\/div>\n\t\t\t\t<\/div>\n\t\t\t\t\t<\/div>\n\t\t\t\t<\/div>\n\t\t\t\t<section class=\"elementor-section elementor-top-section elementor-element elementor-element-7406c059 elementor-section-boxed elementor-section-height-default elementor-section-height-default\" data-id=\"7406c059\" data-element_type=\"section\" data-e-type=\"section\" data-settings=\"{&quot;background_background&quot;:&quot;classic&quot;}\">\n\t\t\t\t\t\t<div class=\"elementor-container elementor-column-gap-default\">\n\t\t\t\t\t<div class=\"elementor-column elementor-col-33 elementor-top-column elementor-element elementor-element-1a1eaef6\" data-id=\"1a1eaef6\" data-element_type=\"column\" data-e-type=\"column\">\n\t\t\t<div class=\"elementor-widget-wrap elementor-element-populated\">\n\t\t\t\t\t\t<div class=\"elementor-element elementor-element-79d361b elementor-position-top elementor-widget elementor-widget-image-box\" data-id=\"79d361b\" data-element_type=\"widget\" data-e-type=\"widget\" data-widget_type=\"image-box.default\">\n\t\t\t\t<div class=\"elementor-widget-container\">\n\t\t\t\t\t<div class=\"elementor-image-box-wrapper\"><figure class=\"elementor-image-box-img\"><img fetchpriority=\"high\" decoding=\"async\" width=\"2000\" height=\"1333\" src=\"https:\/\/urigor.com\/wp-content\/uploads\/2025\/02\/urigor-4.png\" class=\"attachment-full size-full wp-image-620\" alt=\"\" srcset=\"https:\/\/urigor.com\/wp-content\/uploads\/2025\/02\/urigor-4.png 2000w, https:\/\/urigor.com\/wp-content\/uploads\/2025\/02\/urigor-4-300x200.png 300w, https:\/\/urigor.com\/wp-content\/uploads\/2025\/02\/urigor-4-1024x682.png 1024w, https:\/\/urigor.com\/wp-content\/uploads\/2025\/02\/urigor-4-768x512.png 768w, https:\/\/urigor.com\/wp-content\/uploads\/2025\/02\/urigor-4-1536x1024.png 1536w, https:\/\/urigor.com\/wp-content\/uploads\/2025\/02\/urigor-4-18x12.png 18w\" sizes=\"(max-width: 2000px) 100vw, 2000px\" \/><\/figure><div class=\"elementor-image-box-content\"><h3 class=\"elementor-image-box-title\">Sierras<\/h3><\/div><\/div>\t\t\t\t<\/div>\n\t\t\t\t<\/div>\n\t\t\t\t\t<\/div>\n\t\t<\/div>\n\t\t\t\t<div class=\"elementor-column elementor-col-33 elementor-top-column elementor-element elementor-element-6d6d8484\" data-id=\"6d6d8484\" data-element_type=\"column\" data-e-type=\"column\">\n\t\t\t<div class=\"elementor-widget-wrap elementor-element-populated\">\n\t\t\t\t\t\t<div class=\"elementor-element elementor-element-b728456 elementor-position-top elementor-widget elementor-widget-image-box\" data-id=\"b728456\" data-element_type=\"widget\" data-e-type=\"widget\" data-widget_type=\"image-box.default\">\n\t\t\t\t<div class=\"elementor-widget-container\">\n\t\t\t\t\t<div class=\"elementor-image-box-wrapper\"><figure class=\"elementor-image-box-img\"><img decoding=\"async\" width=\"2000\" height=\"1333\" src=\"https:\/\/urigor.com\/wp-content\/uploads\/2025\/02\/urigor-5.png\" class=\"attachment-full size-full wp-image-621\" alt=\"\" srcset=\"https:\/\/urigor.com\/wp-content\/uploads\/2025\/02\/urigor-5.png 2000w, https:\/\/urigor.com\/wp-content\/uploads\/2025\/02\/urigor-5-300x200.png 300w, https:\/\/urigor.com\/wp-content\/uploads\/2025\/02\/urigor-5-1024x682.png 1024w, https:\/\/urigor.com\/wp-content\/uploads\/2025\/02\/urigor-5-768x512.png 768w, https:\/\/urigor.com\/wp-content\/uploads\/2025\/02\/urigor-5-1536x1024.png 1536w, https:\/\/urigor.com\/wp-content\/uploads\/2025\/02\/urigor-5-18x12.png 18w\" sizes=\"(max-width: 2000px) 100vw, 2000px\" \/><\/figure><div class=\"elementor-image-box-content\"><h3 class=\"elementor-image-box-title\">Discos<\/h3><\/div><\/div>\t\t\t\t<\/div>\n\t\t\t\t<\/div>\n\t\t\t\t\t<\/div>\n\t\t<\/div>\n\t\t\t\t<div class=\"elementor-column elementor-col-33 elementor-top-column elementor-element elementor-element-232c885e\" data-id=\"232c885e\" data-element_type=\"column\" data-e-type=\"column\">\n\t\t\t<div class=\"elementor-widget-wrap elementor-element-populated\">\n\t\t\t\t\t\t<div class=\"elementor-element elementor-element-280c528 elementor-position-top elementor-widget elementor-widget-image-box\" data-id=\"280c528\" data-element_type=\"widget\" data-e-type=\"widget\" data-widget_type=\"image-box.default\">\n\t\t\t\t<div class=\"elementor-widget-container\">\n\t\t\t\t\t<div class=\"elementor-image-box-wrapper\"><figure class=\"elementor-image-box-img\"><img decoding=\"async\" width=\"900\" height=\"500\" src=\"https:\/\/urigor.com\/wp-content\/uploads\/2025\/02\/Various-CNC-cutting-tools-arranged-in-a-row-highlighting-different-shapes-and-sizes.webp\" class=\"attachment-full size-full wp-image-622\" alt=\"\" srcset=\"https:\/\/urigor.com\/wp-content\/uploads\/2025\/02\/Various-CNC-cutting-tools-arranged-in-a-row-highlighting-different-shapes-and-sizes.webp 900w, https:\/\/urigor.com\/wp-content\/uploads\/2025\/02\/Various-CNC-cutting-tools-arranged-in-a-row-highlighting-different-shapes-and-sizes-300x167.webp 300w, https:\/\/urigor.com\/wp-content\/uploads\/2025\/02\/Various-CNC-cutting-tools-arranged-in-a-row-highlighting-different-shapes-and-sizes-768x427.webp 768w, https:\/\/urigor.com\/wp-content\/uploads\/2025\/02\/Various-CNC-cutting-tools-arranged-in-a-row-highlighting-different-shapes-and-sizes-18x10.webp 18w\" sizes=\"(max-width: 900px) 100vw, 900px\" \/><\/figure><div class=\"elementor-image-box-content\"><h3 class=\"elementor-image-box-title\">Fresas  de Corte<\/h3><\/div><\/div>\t\t\t\t<\/div>\n\t\t\t\t<\/div>\n\t\t\t\t\t<\/div>\n\t\t<\/div>\n\t\t\t\t\t<\/div>\n\t\t<\/section>\n\t\t<div class=\"elementor-element elementor-element-f75e4a1 e-flex e-con-boxed e-con e-parent\" data-id=\"f75e4a1\" data-element_type=\"container\" data-e-type=\"container\">\n\t\t\t\t\t<div class=\"e-con-inner\">\n\t\t\t\t<div class=\"elementor-element elementor-element-152f148 elementor-widget elementor-widget-heading\" data-id=\"152f148\" data-element_type=\"widget\" data-e-type=\"widget\" data-widget_type=\"heading.default\">\n\t\t\t\t<div class=\"elementor-widget-container\">\n\t\t\t\t\t<h2 class=\"elementor-heading-title elementor-size-default\">Herramientas helicoidales<\/h2>\t\t\t\t<\/div>\n\t\t\t\t<\/div>\n\t\t\t\t<div class=\"elementor-element elementor-element-fc062f4 elementor-widget elementor-widget-text-editor\" data-id=\"fc062f4\" data-element_type=\"widget\" data-e-type=\"widget\" data-widget_type=\"text-editor.default\">\n\t\t\t\t<div class=\"elementor-widget-container\">\n\t\t\t\t\t\t\t\t\t<p>Las <strong data-start=\"4\" data-end=\"33\">herramientas helicoidales<\/strong> son herramientas de corte dise\u00f1adas con filos en forma de h\u00e9lice o espiral. Su dise\u00f1o permite un <strong data-start=\"131\" data-end=\"162\">corte m\u00e1s suave y eficiente<\/strong>, reduciendo la resistencia y mejorando la evacuaci\u00f3n de virutas durante el mecanizado.<\/p>\t\t\t\t\t\t\t\t<\/div>\n\t\t\t\t<\/div>\n\t\t\t\t\t<\/div>\n\t\t\t\t<\/div>\n\t\t\t\t<section class=\"elementor-section elementor-top-section elementor-element elementor-element-a6e7a49 elementor-section-boxed elementor-section-height-default elementor-section-height-default\" data-id=\"a6e7a49\" data-element_type=\"section\" data-e-type=\"section\" data-settings=\"{&quot;background_background&quot;:&quot;classic&quot;}\">\n\t\t\t\t\t\t<div class=\"elementor-container elementor-column-gap-default\">\n\t\t\t\t\t<div class=\"elementor-column elementor-col-50 elementor-top-column elementor-element elementor-element-28b1e73\" data-id=\"28b1e73\" data-element_type=\"column\" data-e-type=\"column\">\n\t\t\t<div class=\"elementor-widget-wrap elementor-element-populated\">\n\t\t\t\t\t\t<div class=\"elementor-element elementor-element-21b53f5 elementor-position-top elementor-widget elementor-widget-image-box\" data-id=\"21b53f5\" data-element_type=\"widget\" data-e-type=\"widget\" data-widget_type=\"image-box.default\">\n\t\t\t\t<div class=\"elementor-widget-container\">\n\t\t\t\t\t<div class=\"elementor-image-box-wrapper\"><figure class=\"elementor-image-box-img\"><img loading=\"lazy\" decoding=\"async\" width=\"2000\" height=\"1333\" src=\"https:\/\/urigor.com\/wp-content\/uploads\/2025\/02\/urigor-8.png\" class=\"attachment-full size-full wp-image-644\" alt=\"\" srcset=\"https:\/\/urigor.com\/wp-content\/uploads\/2025\/02\/urigor-8.png 2000w, https:\/\/urigor.com\/wp-content\/uploads\/2025\/02\/urigor-8-300x200.png 300w, https:\/\/urigor.com\/wp-content\/uploads\/2025\/02\/urigor-8-1024x682.png 1024w, https:\/\/urigor.com\/wp-content\/uploads\/2025\/02\/urigor-8-768x512.png 768w, https:\/\/urigor.com\/wp-content\/uploads\/2025\/02\/urigor-8-1536x1024.png 1536w, https:\/\/urigor.com\/wp-content\/uploads\/2025\/02\/urigor-8-18x12.png 18w\" sizes=\"(max-width: 2000px) 100vw, 2000px\" \/><\/figure><div class=\"elementor-image-box-content\"><h3 class=\"elementor-image-box-title\">cuchillas<\/h3><\/div><\/div>\t\t\t\t<\/div>\n\t\t\t\t<\/div>\n\t\t\t\t\t<\/div>\n\t\t<\/div>\n\t\t\t\t<div class=\"elementor-column elementor-col-50 elementor-top-column elementor-element elementor-element-9683593\" data-id=\"9683593\" data-element_type=\"column\" data-e-type=\"column\">\n\t\t\t<div class=\"elementor-widget-wrap elementor-element-populated\">\n\t\t\t\t\t\t<div class=\"elementor-element elementor-element-01a99f6 elementor-position-top elementor-widget elementor-widget-image-box\" data-id=\"01a99f6\" data-element_type=\"widget\" data-e-type=\"widget\" data-widget_type=\"image-box.default\">\n\t\t\t\t<div class=\"elementor-widget-container\">\n\t\t\t\t\t<div class=\"elementor-image-box-wrapper\"><figure class=\"elementor-image-box-img\"><img loading=\"lazy\" decoding=\"async\" width=\"2000\" height=\"1333\" src=\"https:\/\/urigor.com\/wp-content\/uploads\/2025\/02\/urigor-7.png\" class=\"attachment-full size-full wp-image-639\" alt=\"\" srcset=\"https:\/\/urigor.com\/wp-content\/uploads\/2025\/02\/urigor-7.png 2000w, https:\/\/urigor.com\/wp-content\/uploads\/2025\/02\/urigor-7-300x200.png 300w, https:\/\/urigor.com\/wp-content\/uploads\/2025\/02\/urigor-7-1024x682.png 1024w, https:\/\/urigor.com\/wp-content\/uploads\/2025\/02\/urigor-7-768x512.png 768w, https:\/\/urigor.com\/wp-content\/uploads\/2025\/02\/urigor-7-1536x1024.png 1536w, https:\/\/urigor.com\/wp-content\/uploads\/2025\/02\/urigor-7-18x12.png 18w\" sizes=\"(max-width: 2000px) 100vw, 2000px\" \/><\/figure><div class=\"elementor-image-box-content\"><h3 class=\"elementor-image-box-title\">Brocas<\/h3><\/div><\/div>\t\t\t\t<\/div>\n\t\t\t\t<\/div>\n\t\t\t\t\t<\/div>\n\t\t<\/div>\n\t\t\t\t\t<\/div>\n\t\t<\/section>\n\t\t\t\t<section class=\"elementor-section elementor-top-section elementor-element elementor-element-483ea01 elementor-section-full_width elementor-section-height-default elementor-section-height-default\" data-id=\"483ea01\" data-element_type=\"section\" data-e-type=\"section\" data-settings=\"{&quot;background_background&quot;:&quot;classic&quot;}\">\n\t\t\t\t\t\t\t<div class=\"elementor-background-overlay\"><\/div>\n\t\t\t\t\t\t\t<div class=\"elementor-container elementor-column-gap-default\">\n\t\t\t\t\t<div class=\"elementor-column elementor-col-100 elementor-top-column elementor-element elementor-element-c087cfc\" data-id=\"c087cfc\" data-element_type=\"column\" data-e-type=\"column\">\n\t\t\t<div class=\"elementor-widget-wrap elementor-element-populated\">\n\t\t\t\t\t\t<div class=\"elementor-element elementor-element-7bc4b9e elementor-widget__width-initial elementor-widget-mobile__width-initial elementor-invisible elementor-widget elementor-widget-heading\" data-id=\"7bc4b9e\" data-element_type=\"widget\" data-e-type=\"widget\" data-settings=\"{&quot;_animation&quot;:&quot;slideInRight&quot;}\" data-widget_type=\"heading.default\">\n\t\t\t\t<div class=\"elementor-widget-container\">\n\t\t\t\t\t<h2 class=\"elementor-heading-title elementor-size-default\">\u00a1Estamos listos para ayudarte!<\/h2>\t\t\t\t<\/div>\n\t\t\t\t<\/div>\n\t\t\t\t<div class=\"elementor-element elementor-element-18721b4 elementor-widget-divider--view-line elementor-widget elementor-widget-divider\" data-id=\"18721b4\" data-element_type=\"widget\" data-e-type=\"widget\" data-widget_type=\"divider.default\">\n\t\t\t\t<div class=\"elementor-widget-container\">\n\t\t\t\t\t\t\t<div class=\"elementor-divider\">\n\t\t\t<span class=\"elementor-divider-separator\">\n\t\t\t\t\t\t<\/span>\n\t\t<\/div>\n\t\t\t\t\t\t<\/div>\n\t\t\t\t<\/div>\n\t\t\t\t<div class=\"elementor-element elementor-element-909aade elementor-widget__width-initial elementor-widget-mobile__width-initial elementor-tablet-align-left elementor-widget elementor-widget-button\" data-id=\"909aade\" data-element_type=\"widget\" data-e-type=\"widget\" data-widget_type=\"button.default\">\n\t\t\t\t<div class=\"elementor-widget-container\">\n\t\t\t\t\t\t\t\t\t<div class=\"elementor-button-wrapper\">\n\t\t\t\t\t<a class=\"elementor-button elementor-button-link elementor-size-sm elementor-animation-pulse-grow\" href=\"http:\/\/605%20727%20703\">\n\t\t\t\t\t\t<span class=\"elementor-button-content-wrapper\">\n\t\t\t\t\t\t\t\t\t<span class=\"elementor-button-text\">KONTAKTATU<\/span>\n\t\t\t\t\t<\/span>\n\t\t\t\t\t<\/a>\n\t\t\t\t<\/div>\n\t\t\t\t\t\t\t\t<\/div>\n\t\t\t\t<\/div>\n\t\t\t\t\t<\/div>\n\t\t<\/div>\n\t\t\t\t\t<\/div>\n\t\t<\/section>\n\t\t\t\t<\/div>","protected":false},"excerpt":{"rendered":"<p>\u00bfC\u00f3mo Podemos Ayudarte? Venta de herramientas de corte Afilado profesional Ofrecemos una amplia gama de herramientas de corte de alta precisi\u00f3n y durabilidad, dise\u00f1adas para satisfacer las necesidades de distintos sectores industriales. Fabricados\u00a0con materiales de primera calidad, garantizando un rendimiento \u00f3ptimo y cortes precisos en madera, metal, pl\u00e1stico y otros materiales. Sierras Discos Fresas de [&hellip;]<\/p>\n","protected":false},"author":2,"featured_media":0,"parent":0,"menu_order":0,"comment_status":"closed","ping_status":"closed","template":"elementor_canvas","meta":{"footnotes":""},"class_list":["post-12","page","type-page","status-publish","hentry"],"yoast_head":"<!-- This site is optimized with the Yoast SEO plugin v27.3 - https:\/\/yoast.com\/product\/yoast-seo-wordpress\/ -->\n<title>Servicios - Sierras y Afilados Urigor<\/title>\n<meta name=\"robots\" content=\"index, follow, max-snippet:-1, max-image-preview:large, max-video-preview:-1\" \/>\n<link rel=\"canonical\" href=\"https:\/\/urigor.com\/eu\/servicios\/\" \/>\n<meta property=\"og:locale\" content=\"en_US\" \/>\n<meta property=\"og:type\" content=\"article\" \/>\n<meta property=\"og:title\" content=\"Servicios - Sierras y Afilados Urigor\" \/>\n<meta property=\"og:description\" content=\"\u00bfC\u00f3mo Podemos Ayudarte? Venta de herramientas de corte Afilado profesional Ofrecemos una amplia gama de herramientas de corte de alta precisi\u00f3n y durabilidad, dise\u00f1adas para satisfacer las necesidades de distintos sectores industriales. Fabricados\u00a0con materiales de primera calidad, garantizando un rendimiento \u00f3ptimo y cortes precisos en madera, metal, pl\u00e1stico y otros materiales. Sierras Discos Fresas de [&hellip;]\" \/>\n<meta property=\"og:url\" content=\"https:\/\/urigor.com\/eu\/servicios\/\" \/>\n<meta property=\"og:site_name\" content=\"Sierras y Afilados Urigor\" \/>\n<meta property=\"article:modified_time\" content=\"2025-02-20T10:59:10+00:00\" \/>\n<meta property=\"og:image\" content=\"https:\/\/urigor.com\/wp-content\/uploads\/2025\/02\/urigor-4-1024x682.png\" \/>\n\t<meta property=\"og:image:width\" content=\"1024\" \/>\n\t<meta property=\"og:image:height\" content=\"682\" \/>\n\t<meta property=\"og:image:type\" content=\"image\/png\" \/>\n<meta name=\"twitter:card\" content=\"summary_large_image\" \/>\n<meta name=\"twitter:label1\" content=\"Est. reading time\" \/>\n\t<meta name=\"twitter:data1\" content=\"2 minutua\" \/>\n<script type=\"application\/ld+json\" class=\"yoast-schema-graph\">{\"@context\":\"https:\\\/\\\/schema.org\",\"@graph\":[{\"@type\":\"WebPage\",\"@id\":\"https:\\\/\\\/urigor.com\\\/servicios\\\/\",\"url\":\"https:\\\/\\\/urigor.com\\\/servicios\\\/\",\"name\":\"Servicios - Sierras y Afilados Urigor\",\"isPartOf\":{\"@id\":\"https:\\\/\\\/urigor.com\\\/#website\"},\"primaryImageOfPage\":{\"@id\":\"https:\\\/\\\/urigor.com\\\/servicios\\\/#primaryimage\"},\"image\":{\"@id\":\"https:\\\/\\\/urigor.com\\\/servicios\\\/#primaryimage\"},\"thumbnailUrl\":\"https:\\\/\\\/urigor.com\\\/wp-content\\\/uploads\\\/2025\\\/02\\\/urigor-4.png\",\"datePublished\":\"2024-12-09T09:11:44+00:00\",\"dateModified\":\"2025-02-20T10:59:10+00:00\",\"breadcrumb\":{\"@id\":\"https:\\\/\\\/urigor.com\\\/servicios\\\/#breadcrumb\"},\"inLanguage\":\"eu\",\"potentialAction\":[{\"@type\":\"ReadAction\",\"target\":[\"https:\\\/\\\/urigor.com\\\/servicios\\\/\"]}]},{\"@type\":\"ImageObject\",\"inLanguage\":\"eu\",\"@id\":\"https:\\\/\\\/urigor.com\\\/servicios\\\/#primaryimage\",\"url\":\"https:\\\/\\\/urigor.com\\\/wp-content\\\/uploads\\\/2025\\\/02\\\/urigor-4.png\",\"contentUrl\":\"https:\\\/\\\/urigor.com\\\/wp-content\\\/uploads\\\/2025\\\/02\\\/urigor-4.png\"},{\"@type\":\"BreadcrumbList\",\"@id\":\"https:\\\/\\\/urigor.com\\\/servicios\\\/#breadcrumb\",\"itemListElement\":[{\"@type\":\"ListItem\",\"position\":1,\"name\":\"Portada\",\"item\":\"https:\\\/\\\/urigor.com\\\/\"},{\"@type\":\"ListItem\",\"position\":2,\"name\":\"Servicios\"}]},{\"@type\":\"WebSite\",\"@id\":\"https:\\\/\\\/urigor.com\\\/#website\",\"url\":\"https:\\\/\\\/urigor.com\\\/\",\"name\":\"Sierras y Afilados Urigor\",\"description\":\"Expertos en sierras y afilados de alta precisi\u00f3n.\",\"publisher\":{\"@id\":\"https:\\\/\\\/urigor.com\\\/#organization\"},\"potentialAction\":[{\"@type\":\"SearchAction\",\"target\":{\"@type\":\"EntryPoint\",\"urlTemplate\":\"https:\\\/\\\/urigor.com\\\/?s={search_term_string}\"},\"query-input\":{\"@type\":\"PropertyValueSpecification\",\"valueRequired\":true,\"valueName\":\"search_term_string\"}}],\"inLanguage\":\"eu\"},{\"@type\":\"Organization\",\"@id\":\"https:\\\/\\\/urigor.com\\\/#organization\",\"name\":\"Sierras y Afilados Urigor\",\"url\":\"https:\\\/\\\/urigor.com\\\/\",\"logo\":{\"@type\":\"ImageObject\",\"inLanguage\":\"eu\",\"@id\":\"https:\\\/\\\/urigor.com\\\/#\\\/schema\\\/logo\\\/image\\\/\",\"url\":\"https:\\\/\\\/urigor.com\\\/wp-content\\\/uploads\\\/2024\\\/12\\\/cropped-LOGOURIGOR1.png\",\"contentUrl\":\"https:\\\/\\\/urigor.com\\\/wp-content\\\/uploads\\\/2024\\\/12\\\/cropped-LOGOURIGOR1.png\",\"width\":1362,\"height\":1080,\"caption\":\"Sierras y Afilados Urigor\"},\"image\":{\"@id\":\"https:\\\/\\\/urigor.com\\\/#\\\/schema\\\/logo\\\/image\\\/\"}}]}<\/script>\n<!-- \/ Yoast SEO plugin. -->","yoast_head_json":{"title":"Servicios - Sierras y Afilados Urigor","robots":{"index":"index","follow":"follow","max-snippet":"max-snippet:-1","max-image-preview":"max-image-preview:large","max-video-preview":"max-video-preview:-1"},"canonical":"https:\/\/urigor.com\/eu\/servicios\/","og_locale":"en_US","og_type":"article","og_title":"Servicios - Sierras y Afilados Urigor","og_description":"\u00bfC\u00f3mo Podemos Ayudarte? Venta de herramientas de corte Afilado profesional Ofrecemos una amplia gama de herramientas de corte de alta precisi\u00f3n y durabilidad, dise\u00f1adas para satisfacer las necesidades de distintos sectores industriales. Fabricados\u00a0con materiales de primera calidad, garantizando un rendimiento \u00f3ptimo y cortes precisos en madera, metal, pl\u00e1stico y otros materiales. Sierras Discos Fresas de [&hellip;]","og_url":"https:\/\/urigor.com\/eu\/servicios\/","og_site_name":"Sierras y Afilados Urigor","article_modified_time":"2025-02-20T10:59:10+00:00","og_image":[{"width":1024,"height":682,"url":"https:\/\/urigor.com\/wp-content\/uploads\/2025\/02\/urigor-4-1024x682.png","type":"image\/png"}],"twitter_card":"summary_large_image","twitter_misc":{"Est. reading time":"2 minutua"},"schema":{"@context":"https:\/\/schema.org","@graph":[{"@type":"WebPage","@id":"https:\/\/urigor.com\/servicios\/","url":"https:\/\/urigor.com\/servicios\/","name":"Servicios - Sierras y Afilados Urigor","isPartOf":{"@id":"https:\/\/urigor.com\/#website"},"primaryImageOfPage":{"@id":"https:\/\/urigor.com\/servicios\/#primaryimage"},"image":{"@id":"https:\/\/urigor.com\/servicios\/#primaryimage"},"thumbnailUrl":"https:\/\/urigor.com\/wp-content\/uploads\/2025\/02\/urigor-4.png","datePublished":"2024-12-09T09:11:44+00:00","dateModified":"2025-02-20T10:59:10+00:00","breadcrumb":{"@id":"https:\/\/urigor.com\/servicios\/#breadcrumb"},"inLanguage":"eu","potentialAction":[{"@type":"ReadAction","target":["https:\/\/urigor.com\/servicios\/"]}]},{"@type":"ImageObject","inLanguage":"eu","@id":"https:\/\/urigor.com\/servicios\/#primaryimage","url":"https:\/\/urigor.com\/wp-content\/uploads\/2025\/02\/urigor-4.png","contentUrl":"https:\/\/urigor.com\/wp-content\/uploads\/2025\/02\/urigor-4.png"},{"@type":"BreadcrumbList","@id":"https:\/\/urigor.com\/servicios\/#breadcrumb","itemListElement":[{"@type":"ListItem","position":1,"name":"Portada","item":"https:\/\/urigor.com\/"},{"@type":"ListItem","position":2,"name":"Servicios"}]},{"@type":"WebSite","@id":"https:\/\/urigor.com\/#website","url":"https:\/\/urigor.com\/","name":"Sierras y Afilados Urigor","description":"Expertos en sierras y afilados de alta precisi\u00f3n.","publisher":{"@id":"https:\/\/urigor.com\/#organization"},"potentialAction":[{"@type":"SearchAction","target":{"@type":"EntryPoint","urlTemplate":"https:\/\/urigor.com\/?s={search_term_string}"},"query-input":{"@type":"PropertyValueSpecification","valueRequired":true,"valueName":"search_term_string"}}],"inLanguage":"eu"},{"@type":"Organization","@id":"https:\/\/urigor.com\/#organization","name":"Sierras y Afilados Urigor","url":"https:\/\/urigor.com\/","logo":{"@type":"ImageObject","inLanguage":"eu","@id":"https:\/\/urigor.com\/#\/schema\/logo\/image\/","url":"https:\/\/urigor.com\/wp-content\/uploads\/2024\/12\/cropped-LOGOURIGOR1.png","contentUrl":"https:\/\/urigor.com\/wp-content\/uploads\/2024\/12\/cropped-LOGOURIGOR1.png","width":1362,"height":1080,"caption":"Sierras y Afilados Urigor"},"image":{"@id":"https:\/\/urigor.com\/#\/schema\/logo\/image\/"}}]}},"_links":{"self":[{"href":"https:\/\/urigor.com\/eu\/wp-json\/wp\/v2\/pages\/12","targetHints":{"allow":["GET"]}}],"collection":[{"href":"https:\/\/urigor.com\/eu\/wp-json\/wp\/v2\/pages"}],"about":[{"href":"https:\/\/urigor.com\/eu\/wp-json\/wp\/v2\/types\/page"}],"author":[{"embeddable":true,"href":"https:\/\/urigor.com\/eu\/wp-json\/wp\/v2\/users\/2"}],"replies":[{"embeddable":true,"href":"https:\/\/urigor.com\/eu\/wp-json\/wp\/v2\/comments?post=12"}],"version-history":[{"count":100,"href":"https:\/\/urigor.com\/eu\/wp-json\/wp\/v2\/pages\/12\/revisions"}],"predecessor-version":[{"id":681,"href":"https:\/\/urigor.com\/eu\/wp-json\/wp\/v2\/pages\/12\/revisions\/681"}],"wp:attachment":[{"href":"https:\/\/urigor.com\/eu\/wp-json\/wp\/v2\/media?parent=12"}],"curies":[{"name":"wp","href":"https:\/\/api.w.org\/{rel}","templated":true}]}}